{"id":713,"date":"2013-03-10T23:06:35","date_gmt":"2013-03-10T23:06:35","guid":{"rendered":"http:\/\/www.seriekonst.se\/?page_id=713"},"modified":"2025-11-21T13:19:53","modified_gmt":"2025-11-21T13:19:53","slug":"seriekonst-shop","status":"publish","type":"page","link":"https:\/\/www.seriekonst.se\/?page_id=713","title":{"rendered":"SERIEB\u00d6CKER TILL SALU"},"content":{"rendered":"\n<div class=\"wp-block-image\"><figure class=\"aligncenter size-large is-resized\"><a href=\"http:\/\/www.seriekonst.se\/wp-content\/uploads\/2025\/09\/tmit_cover-scaled.jpeg\"><img loading=\"lazy\" decoding=\"async\" src=\"http:\/\/www.seriekonst.se\/wp-content\/uploads\/2025\/09\/tmit_cover-700x949.jpeg\" alt=\"\" class=\"wp-image-2265\" width=\"278\" height=\"376\" srcset=\"https:\/\/www.seriekonst.se\/wp-content\/uploads\/2025\/09\/tmit_cover-700x949.jpeg 700w, https:\/\/www.seriekonst.se\/wp-content\/uploads\/2025\/09\/tmit_cover-221x300.jpeg 221w, https:\/\/www.seriekonst.se\/wp-content\/uploads\/2025\/09\/tmit_cover-768x1041.jpeg 768w, https:\/\/www.seriekonst.se\/wp-content\/uploads\/2025\/09\/tmit_cover-1134x1536.jpeg 1134w, https:\/\/www.seriekonst.se\/wp-content\/uploads\/2025\/09\/tmit_cover-1511x2048.jpeg 1511w, https:\/\/www.seriekonst.se\/wp-content\/uploads\/2025\/09\/tmit_cover-scaled.jpeg 1889w\" sizes=\"auto, (max-width: 278px) 100vw, 278px\" \/><\/a><\/figure><\/div>\n\n\n\n<p>Tv\u00e5 m\u00e5nader i Tanger<\/p>\n\n\n\n<p><strong>Tv\u00e5 m\u00e5nader i Tanger<\/strong>. 1955 liftar G\u00f6ran till Tanger, en frizon d\u00e4r finansv\u00e4rldens\u00a0giganter, amerikansk jet-set, smugglare, pirater och den\u00a0engelskspr\u00e5kiga litteraturens avantgarde samlas. I Tanger finns \u00e4ven en liten svensk-koloni, av Alice Timander beskriven som \u201den brokig samling mestadels gamla vinddrivna existenser\u201d. Svenskar med en l\u00e4ngtan efter frihet, sol och v\u00e4rme, p\u00e5 flykt undan \u201dkr\u00e5kvinkel-Sverige\u201d. Det \u00e4r verkligen en brokig samling G\u00f6ran m\u00f6ter.\u00a0 En f d filmpamp p\u00e5 flykt fr\u00e5n Thor Mod\u00e9en, en utfattig indisk prins, en excentrisk ingenj\u00f6r och \u201dkvaggaj\u00e4gare\u201d, pingstv\u00e4nner med storslagna radio-planer och den \u00f6verentusiastisk dillodlande tr\u00e4dg\u00e5rdsm\u00e4staren \u201cAfrika-Lasse\u201d fr\u00e5n Tomelilla. Av Gunnar Krantz (2025). 144 sidor sv\/v. -256\u00d7182 mm. Pris: 225kr (+ 75kr porto).\u00a0<a rel=\"noreferrer noopener\" href=\"mailto:info@seriekonst.se\" target=\"_blank\">BEST\u00c4LL!<\/a><\/p>\n\n\n\n<h4 class=\"wp-block-heading\"><a href=\"http:\/\/www.seriekonst.se\/?attachment_id=1855\" rel=\"attachment wp-att-1855\"><img loading=\"lazy\" decoding=\"async\" class=\"aligncenter size-medium wp-image-1855\" src=\"http:\/\/www.seriekonst.se\/wp-content\/uploads\/2018\/06\/IMG_5350-300x300.jpg\" alt=\"\" width=\"300\" height=\"300\" srcset=\"https:\/\/www.seriekonst.se\/wp-content\/uploads\/2018\/06\/IMG_5350-300x300.jpg 300w, https:\/\/www.seriekonst.se\/wp-content\/uploads\/2018\/06\/IMG_5350-150x150.jpg 150w, https:\/\/www.seriekonst.se\/wp-content\/uploads\/2018\/06\/IMG_5350-768x768.jpg 768w, https:\/\/www.seriekonst.se\/wp-content\/uploads\/2018\/06\/IMG_5350-1024x1024.jpg 1024w, https:\/\/www.seriekonst.se\/wp-content\/uploads\/2018\/06\/IMG_5350.jpg 1181w\" sizes=\"auto, (max-width: 300px) 100vw, 300px\" \/><\/a>Sju av mina&nbsp;b\u00f6cker fr\u00e5n Optimal. L\u00e4gg din best\u00e4llning h\u00e4r och betala i efterhand mot faktura eller med Swish. Porto tillkommer.<\/h4>\n\n\n\n<h3 class=\"wp-block-heading\"><strong>VIN OCH VATTEN<\/strong><\/h3>\n\n\n\n<p>112 sidor. Utgivnings\u00e5r: 2008<br>Pris: 99 kr.<br>Min f\u00f6rsta helt m\u00e5lade serie, som handlar om att renovera ett hus och samtidigt f\u00f6rs\u00f6ka lappa ihop ett f\u00f6rh\u00e5llande.<\/p>\n\n\n\n<h4 class=\"wp-block-heading\"><strong>SERIEORIGINAL FR\u00c5N VIN OCH VATTEN TILL SALU:&nbsp;<\/strong>L\u00c4S MER <a href=\"http:\/\/www.seriekonst.se\/?page_id=810\">H\u00c4R<\/a><\/h4>\n\n\n\n<div class=\"wp-block-image\"><figure class=\"aligncenter\"><a href=\"http:\/\/www.seriekonst.se\/?attachment_id=1857\" rel=\"attachment wp-att-1857\"><img loading=\"lazy\" decoding=\"async\" width=\"229\" height=\"300\" src=\"http:\/\/www.seriekonst.se\/wp-content\/uploads\/2018\/06\/IMG_5353-229x300.jpg\" alt=\"\" class=\"wp-image-1857\" srcset=\"https:\/\/www.seriekonst.se\/wp-content\/uploads\/2018\/06\/IMG_5353-229x300.jpg 229w, https:\/\/www.seriekonst.se\/wp-content\/uploads\/2018\/06\/IMG_5353-768x1005.jpg 768w, https:\/\/www.seriekonst.se\/wp-content\/uploads\/2018\/06\/IMG_5353-783x1024.jpg 783w, https:\/\/www.seriekonst.se\/wp-content\/uploads\/2018\/06\/IMG_5353.jpg 1181w\" sizes=\"auto, (max-width: 229px) 100vw, 229px\" \/><\/a><\/figure><\/div>\n\n\n\n<h3 class=\"wp-block-heading\"><strong>FR\u00c5N SUPERANGST TILL SERIESTADEN<\/strong><\/h3>\n\n\n\n<p>424 sidor. Utgiven: 2012<br>Pris: 199 kr.<br>Ber\u00e4ttelsen om den svenska serierevolutionen p\u00e5 90-talet och hur Malm\u00f6 f\u00f6rvandlas till en stad full av serier och serietecknare.<\/p>\n\n\n\n<div class=\"wp-block-image\"><figure class=\"aligncenter\"><a href=\"http:\/\/www.seriekonst.se\/?attachment_id=1860\" rel=\"attachment wp-att-1860\"><img loading=\"lazy\" decoding=\"async\" width=\"225\" height=\"300\" src=\"http:\/\/www.seriekonst.se\/wp-content\/uploads\/2018\/06\/IMG_5352-225x300.jpg\" alt=\"\" class=\"wp-image-1860\" srcset=\"https:\/\/www.seriekonst.se\/wp-content\/uploads\/2018\/06\/IMG_5352-225x300.jpg 225w, https:\/\/www.seriekonst.se\/wp-content\/uploads\/2018\/06\/IMG_5352-768x1024.jpg 768w, https:\/\/www.seriekonst.se\/wp-content\/uploads\/2018\/06\/IMG_5352.jpg 1181w\" sizes=\"auto, (max-width: 225px) 100vw, 225px\" \/><\/a><\/figure><\/div>\n\n\n\n<h3 class=\"wp-block-heading\"><strong>ST\u00d6RSTA M\u00d6JLIGA ALLVAR<\/strong><\/h3>\n\n\n\n<p>320 sidor. Utgiven 2011<br>Pris: 199 kr.<br>I mitten p\u00e5 80-talet f\u00f6r\u00e4ndrades den svenska seriekulturen i grunden. Tidningar som <em>Epix, Pox<\/em> och <em>Pulserande Metal<\/em> \u00f6ppnade dammluckor till en st\u00f6rtflod av internationella serier som tidigare ansetts om\u00f6jliga att publicera i Sverige. Episka, satiriska, humoristiska, feministiska och konstn\u00e4rliga serier i en salig blandning.<\/p>\n\n\n\n<div class=\"wp-block-image\"><figure class=\"aligncenter\"><a href=\"http:\/\/www.seriekonst.se\/?attachment_id=1859\" rel=\"attachment wp-att-1859\"><img loading=\"lazy\" decoding=\"async\" width=\"300\" height=\"183\" src=\"http:\/\/www.seriekonst.se\/wp-content\/uploads\/2018\/06\/pocket_tre-300x183.jpg\" alt=\"\" class=\"wp-image-1859\" srcset=\"https:\/\/www.seriekonst.se\/wp-content\/uploads\/2018\/06\/pocket_tre-300x183.jpg 300w, https:\/\/www.seriekonst.se\/wp-content\/uploads\/2018\/06\/pocket_tre-768x468.jpg 768w, https:\/\/www.seriekonst.se\/wp-content\/uploads\/2018\/06\/pocket_tre-1024x624.jpg 1024w\" sizes=\"auto, (max-width: 300px) 100vw, 300px\" \/><\/a><\/figure><\/div>\n\n\n\n<h3 class=\"wp-block-heading\"><strong>CYKELHIPPIE<\/strong><\/h3>\n\n\n\n<p>205 sidor. Utgivnings\u00e5r: 2003<br>Pris: 58 kr.<br>Fem reseber\u00e4ttelser&nbsp;tecknad i en stil som n\u00e4r den kom beskrevs som slarvig, p\u00e5 gr\u00e4nsen till ol\u00e4slig, men&nbsp;ocks\u00e5 som magisk i sin effektivitet.<\/p>\n\n\n\n<h3 class=\"wp-block-heading\"><strong>V\u00c4NSTER V\u00c4NSTER<\/strong><\/h3>\n\n\n\n<p>191 sidor. Utgivnings\u00e5r: 2004<br>Pris: 58 kr.<br>Om&nbsp;en ynglings vandring p\u00e5 yttersta v\u00e4nsterkanten i slutet av 70-talet. Hyperaktuell med m\u00e5nga kopplingar till nutiden.<\/p>\n\n\n\n<h3 class=\"wp-block-heading\"><strong>PUNK PROVOCATEUR<\/strong><\/h3>\n\n\n\n<p>192 sidor. Utgivnings\u00e5r: 2005<br>Pris: 58 kr.<br>Den frist\u00e5ende forts\u00e4ttningen p\u00e5 <em>Cykelhippie<\/em> och <em>V\u00e4nster V\u00e4nster<\/em>. I denna bok \u00e4r det musiken som st\u00e5r i fokus, fr\u00e5n taffliga proggf\u00f6rs\u00f6k i till utlevelse i punken. Elgitarr, tre ackord och fett \u00f6s!<\/p>\n\n\n\n<div class=\"wp-block-image\"><figure class=\"aligncenter\"><a href=\"http:\/\/www.seriekonst.se\/?attachment_id=1858\" rel=\"attachment wp-att-1858\"><img loading=\"lazy\" decoding=\"async\" width=\"225\" height=\"300\" src=\"http:\/\/www.seriekonst.se\/wp-content\/uploads\/2018\/06\/IMG_5349-225x300.jpg\" alt=\"\" class=\"wp-image-1858\" srcset=\"https:\/\/www.seriekonst.se\/wp-content\/uploads\/2018\/06\/IMG_5349-225x300.jpg 225w, https:\/\/www.seriekonst.se\/wp-content\/uploads\/2018\/06\/IMG_5349-768x1024.jpg 768w, https:\/\/www.seriekonst.se\/wp-content\/uploads\/2018\/06\/IMG_5349.jpg 1181w\" sizes=\"auto, (max-width: 225px) 100vw, 225px\" \/><\/a><\/figure><\/div>\n\n\n\n<h3 class=\"wp-block-heading\"><strong>SERIEMAGI<\/strong><\/h3>\n\n\n\n<p>190 sidor. Utgivnings\u00e5r: 2005<br>Pris: 58 kr.<br>Den klassiska handledningen i serieskapande som passar alla, oavsett f\u00f6rm\u00e5ga eller sj\u00e4lvf\u00f6rtroende. Bygger p\u00e5 min grundkurs p\u00e5 Serieskolan i Malm\u00f6.<\/p>\n\n\n\n<p><strong>BEST\u00c4LL H\u00c4R:<\/strong><br>Klicka <a href=\"mailto:info@seriekonst.se?Subject=Seriekonst - best\u00e4llning\">H\u00c4R<\/a> och fyll i din best\u00e4llning direkt i mailet.<\/p>\n\n\n\n<p><strong>VILLKOR:<\/strong><br>Betala i efterskott mot faktura eller med Swish.&nbsp;14 dagars \u00e5ngerr\u00e4tt f\u00f6r privatkunder g\u00e4ller enligt Distanshandelslagen.&nbsp;Porto tillkommer p\u00e5 alla priser.&nbsp;Leveranstid&nbsp;1-5 dagar<\/p>\n","protected":false},"excerpt":{"rendered":"<p>Tv\u00e5 m\u00e5nader i Tanger Tv\u00e5 m\u00e5nader i Tanger. 1955 liftar G\u00f6ran till Tanger, en frizon d\u00e4r finansv\u00e4rldens\u00a0giganter, amerikansk jet-set, smugglare, pirater och den\u00a0engelskspr\u00e5kiga litteraturens avantgarde samlas. I Tanger finns \u00e4ven en liten svensk-koloni, av Alice Timander beskriven som \u201den brokig &hellip; <a href=\"https:\/\/www.seriekonst.se\/?page_id=713\">Continue reading <span class=\"meta-nav\">&rarr;<\/span><\/a><\/p>\n","protected":false},"author":1,"featured_media":0,"parent":0,"menu_order":1,"comment_status":"closed","ping_status":"open","template":"","meta":{"footnotes":""},"class_list":["post-713","page","type-page","status-publish","hentry"],"_links":{"self":[{"href":"https:\/\/www.seriekonst.se\/index.php?rest_route=\/wp\/v2\/pages\/713","targetHints":{"allow":["GET"]}}],"collection":[{"href":"https:\/\/www.seriekonst.se\/index.php?rest_route=\/wp\/v2\/pages"}],"about":[{"href":"https:\/\/www.seriekonst.se\/index.php?rest_route=\/wp\/v2\/types\/page"}],"author":[{"embeddable":true,"href":"https:\/\/www.seriekonst.se\/index.php?rest_route=\/wp\/v2\/users\/1"}],"replies":[{"embeddable":true,"href":"https:\/\/www.seriekonst.se\/index.php?rest_route=%2Fwp%2Fv2%2Fcomments&post=713"}],"version-history":[{"count":133,"href":"https:\/\/www.seriekonst.se\/index.php?rest_route=\/wp\/v2\/pages\/713\/revisions"}],"predecessor-version":[{"id":2319,"href":"https:\/\/www.seriekonst.se\/index.php?rest_route=\/wp\/v2\/pages\/713\/revisions\/2319"}],"wp:attachment":[{"href":"https:\/\/www.seriekonst.se\/index.php?rest_route=%2Fwp%2Fv2%2Fmedia&parent=713"}],"curies":[{"name":"wp","href":"https:\/\/api.w.org\/{rel}","templated":true}]}}