{"id":7,"date":"2011-12-22T20:30:20","date_gmt":"2011-12-22T20:30:20","guid":{"rendered":"http:\/\/www.seriekonst.se\/?page_id=7"},"modified":"2025-09-02T08:16:24","modified_gmt":"2025-09-02T08:16:24","slug":"kontakt","status":"publish","type":"page","link":"https:\/\/www.seriekonst.se\/?page_id=7","title":{"rendered":"Kontakt"},"content":{"rendered":"<p>Gunnar Krantz<br>info (at) seriekonst.se<br>+ 46-70 4646 376<\/p>\n\n\n<p><strong> Konstn\u00e4rligt cv<\/strong><br>Konstn\u00e4r och serietecknare, professor i visuell kommunikation.&nbsp;<br>F\u00f6dd i Stockholm 1962. Bosatt i Malm\u00f6.<\/p>\n\n\n\n<p><strong>Tecknade serier 1986 \u2013 2019 ( i urval):<\/strong><br>2025: \u201dTv\u00e5 m\u00e5nader i Tanger\u201d. F\u00f6rlag \/seriekonst<br>2024: Solidaroperan (risoprint)<br>En ber\u00e4ttelse om Stockholm i mitten p\u00e5 80-talet (risoprint)<br>2023:&#8221;Malm\u00f6 Rock City Comics 2. Garbochock, Malm\u00f6 City, med Stry Terrarie (risoprint)<br>2022: Kooperat\u00f6ren \u2013 en dokument\u00e4rserie om Annonsbyr\u00e5n Svea. Seriefr\u00e4mjandet<br>2021: Gunnar Krantz experience (risporint)<br>2019:&#8221;Malm\u00f6 Rock City Comics&#8221; Grym gitarr (risoprint)<br>2018: \u201dKatarina Matilda fr\u00e5n Vendel\u201d, seriekonst.se. Digital publicering.<br>2018: \u201dLift-52\u201d, seriekonst.se. Digital publicering.<br>2017: \u201dLift-51 Cykelf\u00e4rden som blev en lift\u201d, seriekonst.se. Digital publicering.<br>2017: \u201dWollmar Yx\u201d, seriekonst.se. Digital publicering.<br>2016: \u201dKooperat\u00f6ren\u201d, seriekonst.se. Digital publicering.<br>2016: \u201dSj\u00f6cronas Gata\u201d, seriekonst.se. Digital publicering.<br>2011: \u201dFr\u00e5n Superangst till Seriestaden\u201d, Optimal Press.<br>2010: \u201dSt\u00f6rsta M\u00f6jliga Allvar\u201d, Optimal Press.<br>2008: \u201dVin och Vatten\u201d, Optimal Press.<br>2006: \u201dSeriemagi\u201d, Optimal Press.<br>2005: \u201dSeriekonst, Tabloid\u201d, Konstn\u00e4rligt utvecklingsarbete, G\u00f6teborgs Universitet.<br>2005: \u201dV\u00e4nster V\u00e4nster\u201d, Optimal Press.<br>2003: \u201dCykelhippie\u201d, Optimal Press<br>2001: \u201dGr\u00f6na Tomater\u201d, Seriefr\u00e4mjandet<br>2000: \u201dAllt f\u00f6r konsten 3\u201d, (antologi), Optimal Press<br>2000: \u201dAllt f\u00f6r konsten 2\u201d, (antologi), Optimal Press<br>1998: \u201dAllt f\u00f6r konsten\u201d (antologi)\u00a0<br>1998: Avtryck av Verkligheten (+ CD-ROM), Optimal press. Digital publicering.<br>1995: \u201dNollad\u201d, Optimal Press<br>1995: \u201c1981\u201d, Medusa F\u00f6rlag<br>1994: \u201dSuperangst\u201d, Medusa F\u00f6rlag<br>1987: \u201dFalska Liv\u201d Medusa F\u00f6rlag<br>1986: \u201dAlger\u201d, Medusa F\u00f6rlag<\/p>\n\n\n\n<p><strong>Forskning (inklusive konstn\u00e4rlig forskning), offentligg\u00f6randen<\/strong><br>2024:\u201cComics as an artform \u2013 \u00d6yvind Fahlstr\u00f6ms contribution to comics theory in the mid 1950s.\u201d med Jens Andersson. History in Comics Conference, Palacky University, Czechoslovakia.<br>\u201cT\u00f6pffer and the (secret) Art of Autography\u201d, The International Graphic Novel and Comics Conference, University of East Anglia, UK.<br>Autografisk dubbelexponering \u2013 den tuschade svarta linjens narrativa betydelse i tecknade serier (med st\u00f6d av VR).<br>2020: &#8220;Safety in numbers &#8211; challenging norms in the Swedish field of comics&#8221; NSU winter symposium, S\u00f6dert\u00f6rn university<br>2019: &#8220;The Hitchhikers Guide to Post-War Europe&#8221; Comics and Travel Conference, Oxford university.<br>2019: \u201cNew ways of making comics\u201d Comics and Materiality, NSU winter symposium, Aarhus university<br>2018:\u00a0\u201cFanzines and Swedish comics memory\u201d in\u00a0Ahmed, Maaheen. &amp; Crucifix, Beno\u00eet. (red.) (2018).\u00a0<em>Comics Memory Archives and Styles<\/em>. Cham: Springer International Publishing<br>2017: \u201cThe emergence of the Swedish comics field\u201d. Roundtable; The Memory of Comics In and Out of the Institutions NNCORE-Conference, University of Ghent.<br>2017: F\u00f6rel\u00e4sning om serien \u201dKooperat\u00f6ren\u201d, Malm\u00f6 Stadsbibliotek i samband med Malm\u00f6 Seriefest.<br>2017:\u00a0Seminar paper: \u201dKooperat\u00f6ren\u201d a comic about advertising in the co-operative movement, Malm\u00f6 university.<br>2017: Conference paper: \u00a0\u201dCity of comics\u201d, with Jakob Dittmar, Petra Ragnerstam and Oskar Aspman,\u00a0<em>Comics Forum<\/em>, Leeds.<br>2016: \u201dFr\u00e5n systematiskt klotter till serieforskning\u201d. Paper presenterat p\u00e5 symposiet: Tecknade serier \u2013 teoretiska och metodiska utg\u00e5ngspunkter f\u00f6r forskning, Carolina Rediviva, Uppsala.<br>2015: \u201cTeaching comics in class: Between mainstream and the alternative\u201d, Studies in Comics, Intellect Books.<br>2015: \u201cBicycle hippie \u2013 Sketching beyond the boundaries of time and space \u2013 developing scrawled memories of the past\u201d. Conference paper presenterat p\u00e5 The Sixth International Graphic Novel and Comics Conference 2015, University of London Institute in Paris.<br>2014: F\u00f6rel\u00e4sning om \u201dDet svenska serieel\u00e4ndet\u201d, om tecknade serier och moralpanik.\u00a0H\u00f6gskolan i J\u00f6nk\u00f6ping, i samband med Seriefr\u00e4mjandets seriefestival.<br>2014: \u201cTeaching comics in Class\u201d. Conferens paper presenterat p\u00e5 The Comics Conference 2014, British Library, London.\u00a0<br>2011: \u201dSeriekonst och konstserier\u201d, Val\u00f6r, Konstvetenskapliga institutionen, Uppsala Universitet.<br><br><strong>Samverkan:<br><\/strong>2021 Malm\u00f6 University Comics Hub\/much<br>2019 Serielab p\u00e5 Malm\u00f6 universitet. Ett samverkansprojekt p\u00e5\u00a0\u00a0K3, med finansiering av Region Sk\u00e5ne.<br>2018 Bergman i Sk\u00e5ne\u00a0\u00a0\u00a0\u2013 Sk\u00e5nska serietecknare tolkar Ingmar Bergman, i samverkan med Stiftelsen Ingmar Bergman, Film i Sk\u00e5ne, Seriefr\u00e4mjandet och Region Sk\u00e5ne.<br>2017-2018 M\u00f6tesplats Serier, ett samverkansprojekt p\u00e5\u00a0\u00a0K3, med finansiering av Region Sk\u00e5ne och KS.<\/p>\n\n\n\n<p><strong>Separatutst\u00e4llningar p\u00e5 bl a:\u00a0<\/strong><br>Rum f\u00f6r serier, Malm\u00f6<br>V\u00e4xj\u00f6 Konsthall\u00a0<br>Varbergs Konsthall<br>Ystad Konstmuseum<br>Galleri 54, G\u00f6teborg<br>Schaper Sundberg Galleri, Stockholm<br>rum, Malm\u00f6<\/p>\n\n\n\n<p><strong>Grupputst\u00e4llningar p\u00e5 bl a:<\/strong><br>Louisiana Museum of Contemporary art, Humleb\u00e6k, Danmark<br>Dunkers Kulturhus, Helsingborg<br>K\u00fcnstlerhaus Bethanien, Berlin<br>Malm\u00f6 Konstmuseum&nbsp;<br>Enkehuset, Stockholm<br>Muu Gallery, Helsingfors<br>Statens Museum for Kunst, K\u00f6penhamn<br>Stockholm Art Fair, Sollentuna<br>Europ\u2019Art, Gen\u00e9ve<br>Moderna Mus\u00e9et, Stockholm<br>Krognoshuset, Lund<br>M\u00f6lndals konsthall, M\u00f6lndal<br>Malm\u00f6 konsthall<br>Kulturhuset, Stockholmm<\/p>\n\n\n\n<p><strong>Uppslagsverk<br><\/strong>Nationalencyklopedin<a href=\"http:\/\/www.ne.se\/uppslagsverk\/encyklopedi\/l%C3%A5ng\/gunnar-krantz\">http:\/\/www.ne.se\/uppslagsverk\/encyklopedi\/l%C3%A5ng\/gunnar-krantz<\/a><br>Wikipedia&nbsp;<a href=\"http:\/\/sv.wikipedia.org\/wiki\/Gunnar_Krantz\">http:\/\/sv.wikipedia.org\/wiki\/Gunnar_Krantz<\/a><br>Lambiek Comiclopedia&nbsp;<a href=\"http:\/\/www.lambiek.net\/artists\/k\/krantz_gunnar.htm\">http:\/\/www.lambiek.net\/artists\/k\/krantz_gunnar.htm<\/a><\/p>\n","protected":false},"excerpt":{"rendered":"<p>Gunnar Krantzinfo (at) seriekonst.se+ 46-70 4646 376 Konstn\u00e4rligt cvKonstn\u00e4r och serietecknare, professor i visuell kommunikation.&nbsp;F\u00f6dd i Stockholm 1962. Bosatt i Malm\u00f6. Tecknade serier 1986 \u2013 2019 ( i urval):2025: \u201dTv\u00e5 m\u00e5nader i Tanger\u201d. F\u00f6rlag \/seriekonst2024: Solidaroperan (risoprint)En ber\u00e4ttelse om Stockholm &hellip; <a href=\"https:\/\/www.seriekonst.se\/?page_id=7\">Continue reading <span class=\"meta-nav\">&rarr;<\/span><\/a><\/p>\n","protected":false},"author":1,"featured_media":0,"parent":1658,"menu_order":0,"comment_status":"closed","ping_status":"open","template":"","meta":{"footnotes":""},"class_list":["post-7","page","type-page","status-publish","hentry"],"_links":{"self":[{"href":"https:\/\/www.seriekonst.se\/index.php?rest_route=\/wp\/v2\/pages\/7","targetHints":{"allow":["GET"]}}],"collection":[{"href":"https:\/\/www.seriekonst.se\/index.php?rest_route=\/wp\/v2\/pages"}],"about":[{"href":"https:\/\/www.seriekonst.se\/index.php?rest_route=\/wp\/v2\/types\/page"}],"author":[{"embeddable":true,"href":"https:\/\/www.seriekonst.se\/index.php?rest_route=\/wp\/v2\/users\/1"}],"replies":[{"embeddable":true,"href":"https:\/\/www.seriekonst.se\/index.php?rest_route=%2Fwp%2Fv2%2Fcomments&post=7"}],"version-history":[{"count":17,"href":"https:\/\/www.seriekonst.se\/index.php?rest_route=\/wp\/v2\/pages\/7\/revisions"}],"predecessor-version":[{"id":2288,"href":"https:\/\/www.seriekonst.se\/index.php?rest_route=\/wp\/v2\/pages\/7\/revisions\/2288"}],"up":[{"embeddable":true,"href":"https:\/\/www.seriekonst.se\/index.php?rest_route=\/wp\/v2\/pages\/1658"}],"wp:attachment":[{"href":"https:\/\/www.seriekonst.se\/index.php?rest_route=%2Fwp%2Fv2%2Fmedia&parent=7"}],"curies":[{"name":"wp","href":"https:\/\/api.w.org\/{rel}","templated":true}]}}