{"id":217,"date":"2012-03-20T15:49:05","date_gmt":"2012-03-20T15:49:05","guid":{"rendered":"http:\/\/www.seriekonst.se\/?page_id=217"},"modified":"2020-09-21T19:29:05","modified_gmt":"2020-09-21T19:29:05","slug":"vin-och-vatten-2","status":"publish","type":"page","link":"https:\/\/www.seriekonst.se\/?page_id=217","title":{"rendered":"Vin och Vatten"},"content":{"rendered":"<p><a href=\"http:\/\/www.seriekonst.se\/wp-content\/uploads\/2012\/03\/Vin-och-vatten-omslag-2201.jpeg\"><img loading=\"lazy\" decoding=\"async\" class=\"alignleft size-full wp-image-219\" title=\"Vin-och-vatten-omslag-220\" src=\"http:\/\/www.seriekonst.se\/wp-content\/uploads\/2012\/03\/Vin-och-vatten-omslag-2201.jpeg\" alt=\"\" width=\"220\" height=\"220\" srcset=\"https:\/\/www.seriekonst.se\/wp-content\/uploads\/2012\/03\/Vin-och-vatten-omslag-2201.jpeg 220w, https:\/\/www.seriekonst.se\/wp-content\/uploads\/2012\/03\/Vin-och-vatten-omslag-2201-150x150.jpg 150w\" sizes=\"auto, (max-width: 220px) 100vw, 220px\" \/><\/a>Johan och Janna f\u00f6rs\u00f6ker lappa ihop sitt \u00e4ktenskap genom att renovera ett hus i Portugal. Huset, som \u00e4r en ruin, ligger i bergen. Det regnar och \u00e4r kallt. Det enda som v\u00e4rmer \u00e4r vinet och det h\u00e5rda arbetet.<\/p>\n<p>Om albumet:<br \/>\nP\u00e5 Franquin-utst\u00e4llningen i Paris s\u00e5g jag att m\u00e4staren anv\u00e4nde en blyertspenna fr\u00e5n Staedtler. P\u00e5 Corn\u00e9rs i G\u00f6teborg gick det att f\u00e5 tag p\u00e5 just den modellen. Jag k\u00f6pte n\u00e5gra stycken och ett par askar med mjuka 2B-stift. Jag hade just p\u00e5b\u00f6rjat akvarellnovellen <em>Vin och Vatten<\/em>. Den mjuka pennan fl\u00f6t fram \u00f6ver sidorna och ber\u00e4ttelsen skrev sig sj\u00e4lv. N\u00e4r det var dags att m\u00e5la, l\u00e4t jag blyertslinjerna vara kvar.<\/p>\n<p><strong>Pressr\u00f6ster:<\/strong><br \/>\n<em>&#8220;Vin och vatten \u00e4r roande, enkel, kr\u00e4ver inte mer \u00e4n en lunchrast att l\u00e4sa &#8211; precis som vilken seriebok som helst. JAg hinner dock fascineras av att gr\u00e4nsen mellan bildspr\u00e5k och skriftspr\u00e5k p\u00e5 n\u00e5got s\u00e4tt blir oklar d\u00e5 Krantz ber\u00e4ttar sin novell i sk\u00f6ra nyanser, penseldrag och skarpa ansiktsuttryck i samlklang med den skrivna texten.&#8221; Johanna Andersson, Tidningen Kulturen, 081114<\/em><\/p>\n<p><em>&#8220;Teckningarna v\u00e4xer till styrka och inneh\u00e5ll. Vissa rutor &#8211; fr\u00e4mst landskapen, b\u00e5de landsbygds- och stadslandskap blir seriem\u00e5lningar= tavlor.&#8221; Bengt Eriksson, Expressen 090325<\/em><\/p>\n<p>Best\u00e4ll boken <a title=\"H\u00c4R\" href=\"http:\/\/www.seriekonst.se\/?page_id=713\" target=\"_blank\" rel=\"noopener noreferrer\">H\u00c4R<\/a><\/p>\n","protected":false},"excerpt":{"rendered":"<p>Johan och Janna f\u00f6rs\u00f6ker lappa ihop sitt \u00e4ktenskap genom att renovera ett hus i Portugal. Huset, som \u00e4r en ruin, ligger i bergen. Det regnar och \u00e4r kallt. Det enda som v\u00e4rmer \u00e4r vinet och det h\u00e5rda arbetet. Om albumet: &hellip; <a href=\"https:\/\/www.seriekonst.se\/?page_id=217\">Continue reading <span class=\"meta-nav\">&rarr;<\/span><\/a><\/p>\n","protected":false},"author":1,"featured_media":0,"parent":0,"menu_order":0,"comment_status":"closed","ping_status":"open","template":"","meta":{"footnotes":""},"class_list":["post-217","page","type-page","status-publish","hentry"],"_links":{"self":[{"href":"https:\/\/www.seriekonst.se\/index.php?rest_route=\/wp\/v2\/pages\/217","targetHints":{"allow":["GET"]}}],"collection":[{"href":"https:\/\/www.seriekonst.se\/index.php?rest_route=\/wp\/v2\/pages"}],"about":[{"href":"https:\/\/www.seriekonst.se\/index.php?rest_route=\/wp\/v2\/types\/page"}],"author":[{"embeddable":true,"href":"https:\/\/www.seriekonst.se\/index.php?rest_route=\/wp\/v2\/users\/1"}],"replies":[{"embeddable":true,"href":"https:\/\/www.seriekonst.se\/index.php?rest_route=%2Fwp%2Fv2%2Fcomments&post=217"}],"version-history":[{"count":8,"href":"https:\/\/www.seriekonst.se\/index.php?rest_route=\/wp\/v2\/pages\/217\/revisions"}],"predecessor-version":[{"id":2120,"href":"https:\/\/www.seriekonst.se\/index.php?rest_route=\/wp\/v2\/pages\/217\/revisions\/2120"}],"wp:attachment":[{"href":"https:\/\/www.seriekonst.se\/index.php?rest_route=%2Fwp%2Fv2%2Fmedia&parent=217"}],"curies":[{"name":"wp","href":"https:\/\/api.w.org\/{rel}","templated":true}]}}