{"id":212,"date":"2012-03-20T15:29:36","date_gmt":"2012-03-20T15:29:36","guid":{"rendered":"http:\/\/www.seriekonst.se\/?page_id=212"},"modified":"2020-09-21T19:28:27","modified_gmt":"2020-09-21T19:28:27","slug":"punk-provocateur","status":"publish","type":"page","link":"https:\/\/www.seriekonst.se\/?page_id=212","title":{"rendered":"Punk Provocateur"},"content":{"rendered":"<p><a href=\"http:\/\/www.seriekonst.se\/wp-content\/uploads\/2012\/03\/punkprovocateur.jpeg\"><img loading=\"lazy\" decoding=\"async\" class=\"alignleft size-medium wp-image-259\" title=\"punkprovocateur\" src=\"http:\/\/www.seriekonst.se\/wp-content\/uploads\/2012\/03\/punkprovocateur-184x300.jpg\" alt=\"\" width=\"184\" height=\"300\"><\/a>Den frist\u00e5ende forts\u00e4ttningen p\u00e5 <a title=\"Cykelhippie\" href=\"http:\/\/www.seriekonst.se\/?page_id=105\">Cykelhippie<\/a> och <a title=\"V\u00e4nster V\u00e4nster\" href=\"http:\/\/www.seriekonst.se\/?page_id=176\">V\u00e4nster V\u00e4nster<\/a>. I denna bok \u00e4r det musiken som st\u00e5r i fokus, fr\u00e5n taffliga proggf\u00f6rs\u00f6k i till utlevelse i punken och slutligen den rena provokationen p\u00e5 en av Stockholms innekrogar. Elgitarr, tre ackord och fett \u00f6s!<\/p>\n<p><strong>Pressr\u00f6ster:<\/strong><br \/>\n<em>&#8220;H\u00f6gintressant knastrigt underh\u00e5llande, snabbt och med omedelbar charm. Caroline Alesmark, Norra Sk\u00e5ne, 051026<\/em><br \/>\n<em>&#8220;Den som st\u00e5tt med en Fender-strata-elgitarrkopia och f\u00f6rs\u00f6kt spela Purpl<\/em>e Haze som Jimi Hendrix l\u00e4r k\u00e4nna igen sig.&#8221; Bengt Eriksson, <em>Kv\u00e4llsposten 05-11-10<\/em><\/p>\n<p>K\u00f6p den <a href=\"http:\/\/www.seriekonst.se\/?page_id=713\">H\u00c4R<\/a><\/p>\n","protected":false},"excerpt":{"rendered":"<p>Den frist\u00e5ende forts\u00e4ttningen p\u00e5 Cykelhippie och V\u00e4nster V\u00e4nster. I denna bok \u00e4r det musiken som st\u00e5r i fokus, fr\u00e5n taffliga proggf\u00f6rs\u00f6k i till utlevelse i punken och slutligen den rena provokationen p\u00e5 en av Stockholms innekrogar. Elgitarr, tre ackord och &hellip; <a href=\"https:\/\/www.seriekonst.se\/?page_id=212\">Continue reading <span class=\"meta-nav\">&rarr;<\/span><\/a><\/p>\n","protected":false},"author":1,"featured_media":0,"parent":0,"menu_order":0,"comment_status":"closed","ping_status":"open","template":"","meta":{"footnotes":""},"class_list":["post-212","page","type-page","status-publish","hentry"],"_links":{"self":[{"href":"https:\/\/www.seriekonst.se\/index.php?rest_route=\/wp\/v2\/pages\/212","targetHints":{"allow":["GET"]}}],"collection":[{"href":"https:\/\/www.seriekonst.se\/index.php?rest_route=\/wp\/v2\/pages"}],"about":[{"href":"https:\/\/www.seriekonst.se\/index.php?rest_route=\/wp\/v2\/types\/page"}],"author":[{"embeddable":true,"href":"https:\/\/www.seriekonst.se\/index.php?rest_route=\/wp\/v2\/users\/1"}],"replies":[{"embeddable":true,"href":"https:\/\/www.seriekonst.se\/index.php?rest_route=%2Fwp%2Fv2%2Fcomments&post=212"}],"version-history":[{"count":18,"href":"https:\/\/www.seriekonst.se\/index.php?rest_route=\/wp\/v2\/pages\/212\/revisions"}],"predecessor-version":[{"id":2117,"href":"https:\/\/www.seriekonst.se\/index.php?rest_route=\/wp\/v2\/pages\/212\/revisions\/2117"}],"wp:attachment":[{"href":"https:\/\/www.seriekonst.se\/index.php?rest_route=%2Fwp%2Fv2%2Fmedia&parent=212"}],"curies":[{"name":"wp","href":"https:\/\/api.w.org\/{rel}","templated":true}]}}