{"id":2076,"date":"2020-04-11T22:33:16","date_gmt":"2020-04-11T22:33:16","guid":{"rendered":"http:\/\/www.seriekonst.se\/?page_id=2076"},"modified":"2021-04-25T13:14:28","modified_gmt":"2021-04-25T13:14:28","slug":"serier-fran-sibirien","status":"publish","type":"page","link":"https:\/\/www.seriekonst.se\/?page_id=2076","title":{"rendered":"Serier fr\u00e5n Sibirien"},"content":{"rendered":"\n<figure class=\"wp-block-image size-large\"><img loading=\"lazy\" decoding=\"async\" width=\"700\" height=\"978\" src=\"http:\/\/www.seriekonst.se\/wp-content\/uploads\/2021\/04\/serierfransibirien-700x978.png\" alt=\"\" class=\"wp-image-2225\" srcset=\"https:\/\/www.seriekonst.se\/wp-content\/uploads\/2021\/04\/serierfransibirien-700x978.png 700w, https:\/\/www.seriekonst.se\/wp-content\/uploads\/2021\/04\/serierfransibirien-215x300.png 215w, https:\/\/www.seriekonst.se\/wp-content\/uploads\/2021\/04\/serierfransibirien-768x1073.png 768w, https:\/\/www.seriekonst.se\/wp-content\/uploads\/2021\/04\/serierfransibirien.png 802w\" sizes=\"auto, (max-width: 700px) 100vw, 700px\" \/><\/figure>\n\n\n\n<p>I mitten p\u00e5 80-talet hyrde jag och en kompis en lokal p\u00e5 Birger Jarlsgatan i Sibiriens norra spets, bara tv\u00e5 hus fr\u00e5n huset d\u00e4r serieexperten Horst Schr\u00f6der bodde och vi blev snabbt indragna i hans storslagna planer p\u00e5 att f\u00f6rse svenska folket med vuxenserier.\u00a0 <strong>L\u00e4s serien h\u00e4r:  <\/strong><a href=\"http:\/\/www.seriekonst.se\/wp-content\/uploads\/2021\/04\/Gunnar_Krantz_Serier_fran_Sibirien_2020.pdf\">Serier fr\u00e5n Sibirien<\/a><\/p>\n","protected":false},"excerpt":{"rendered":"<p>I mitten p\u00e5 80-talet hyrde jag och en kompis en lokal p\u00e5 Birger Jarlsgatan i Sibiriens norra spets, bara tv\u00e5 hus fr\u00e5n huset d\u00e4r serieexperten Horst Schr\u00f6der bodde och vi blev snabbt indragna i hans storslagna planer p\u00e5 att f\u00f6rse &hellip; <a href=\"https:\/\/www.seriekonst.se\/?page_id=2076\">Continue reading <span class=\"meta-nav\">&rarr;<\/span><\/a><\/p>\n","protected":false},"author":1,"featured_media":0,"parent":0,"menu_order":0,"comment_status":"closed","ping_status":"closed","template":"","meta":{"footnotes":""},"class_list":["post-2076","page","type-page","status-publish","hentry"],"_links":{"self":[{"href":"https:\/\/www.seriekonst.se\/index.php?rest_route=\/wp\/v2\/pages\/2076","targetHints":{"allow":["GET"]}}],"collection":[{"href":"https:\/\/www.seriekonst.se\/index.php?rest_route=\/wp\/v2\/pages"}],"about":[{"href":"https:\/\/www.seriekonst.se\/index.php?rest_route=\/wp\/v2\/types\/page"}],"author":[{"embeddable":true,"href":"https:\/\/www.seriekonst.se\/index.php?rest_route=\/wp\/v2\/users\/1"}],"replies":[{"embeddable":true,"href":"https:\/\/www.seriekonst.se\/index.php?rest_route=%2Fwp%2Fv2%2Fcomments&post=2076"}],"version-history":[{"count":14,"href":"https:\/\/www.seriekonst.se\/index.php?rest_route=\/wp\/v2\/pages\/2076\/revisions"}],"predecessor-version":[{"id":2228,"href":"https:\/\/www.seriekonst.se\/index.php?rest_route=\/wp\/v2\/pages\/2076\/revisions\/2228"}],"wp:attachment":[{"href":"https:\/\/www.seriekonst.se\/index.php?rest_route=%2Fwp%2Fv2%2Fmedia&parent=2076"}],"curies":[{"name":"wp","href":"https:\/\/api.w.org\/{rel}","templated":true}]}}