{"id":1870,"date":"2018-08-18T06:16:56","date_gmt":"2018-08-18T06:16:56","guid":{"rendered":"http:\/\/www.seriekonst.se\/?page_id=1870"},"modified":"2018-08-26T09:04:05","modified_gmt":"2018-08-26T09:04:05","slug":"lift-52","status":"publish","type":"page","link":"https:\/\/www.seriekonst.se\/?page_id=1870","title":{"rendered":"LIFT 52"},"content":{"rendered":"<p><a href=\"http:\/\/www.seriekonst.se\/?attachment_id=1878\" rel=\"attachment wp-att-1878\"><img loading=\"lazy\" decoding=\"async\" class=\"aligncenter size-medium wp-image-1878\" src=\"http:\/\/www.seriekonst.se\/wp-content\/uploads\/2018\/08\/bil-300x262.jpg\" alt=\"\" width=\"300\" height=\"262\" srcset=\"https:\/\/www.seriekonst.se\/wp-content\/uploads\/2018\/08\/bil-300x262.jpg 300w, https:\/\/www.seriekonst.se\/wp-content\/uploads\/2018\/08\/bil-768x672.jpg 768w, https:\/\/www.seriekonst.se\/wp-content\/uploads\/2018\/08\/bil-1024x896.jpg 1024w\" sizes=\"auto, (max-width: 300px) 100vw, 300px\" \/><\/a><br \/>\nDet tidiga 50-talet luktar brylcr\u00e8me, Palmolive och Vademecum. De unga m\u00e4nnen (s\u00e5dan var man fr\u00e5n det man konfirmerades) \u00e4r v\u00e4lkammade, v\u00e4lrakade och propra, p\u00e5 v\u00e4g att kliva i sina f\u00e4ders st\u00e4rkta skjortor och galoscher. De unga kvinnorna \u00e4ppelk\u00e4cka och kyska i jumper och rutiga byxor, eller eleganta frasande vida kjolar. Ungdomen f\u00f6r dagen lyssnar p\u00e5 jazz (swing och dixie) och det \u00e4r \u00e4nnu n\u00e5gra \u00e5r kvar till rockmusikens genombrott och motbokens avskaffande.<\/p>\n<p>Samtidigt tar bilismen fart p\u00e5 allvar. Bensinen \u00e4r tokbillig, men bilarna fortfarande mycket dyra. De som vill uppleva n\u00e5got slags frihet k\u00f6per motorcykel (l\u00e4ttviktare) eller ger sig ut i v\u00e4rlden med hj\u00e4lp av tummen. Tusentals ungdomar \u00f6versv\u00e4mmar Europa. De kommer fr\u00e5n England, Amerika och Australien. Det \u00e4r segermakternas barn som nu \u00e4r ute och ser sig om i den v\u00e4rld deras f\u00e4der befriat. Med p\u00e5 k\u00f6pet f\u00f6ljer de \u00a0neutrala; Sverige och Schweiz. Det \u00e4r billigt att lifta i Europa. Folk \u00e4r v\u00e4lvilliga och gener\u00f6sa. Och det \u00e4r billigt att leva. Vinet kostar ingenting och med lite br\u00f6d, ost och frukt klarar man sig l\u00e4nge.<\/p>\n<p><img loading=\"lazy\" decoding=\"async\" class=\"size-medium wp-image-1875 aligncenter\" src=\"http:\/\/www.seriekonst.se\/wp-content\/uploads\/2018\/08\/rachel-300x262.jpg\" alt=\"\" width=\"300\" height=\"262\" srcset=\"https:\/\/www.seriekonst.se\/wp-content\/uploads\/2018\/08\/rachel-300x262.jpg 300w, https:\/\/www.seriekonst.se\/wp-content\/uploads\/2018\/08\/rachel-768x672.jpg 768w, https:\/\/www.seriekonst.se\/wp-content\/uploads\/2018\/08\/rachel-1024x896.jpg 1024w\" sizes=\"auto, (max-width: 300px) 100vw, 300px\" \/><\/p>\n<p>I b\u00f6rjan av maj 1952 ger sig G\u00f6ran (min far) ut p\u00e5 sin andra Europa-lift. Tack vare sina nyf\u00f6rv\u00e4rvade spr\u00e5kkunskaper (se \u201d<a href=\"http:\/\/www.seriekonst.se\/?page_id=1709\" target=\"_blank\" rel=\"noopener noreferrer\">Cykelf\u00e4rden som blev en lift \u2013 51<\/a>\u201d) tar han en n\u00e5got f\u00f6rsenad student. Sedan b\u00f6rjar vuxenlivet p\u00e5 allvar. Han \u00e4r just fyllda 20 \u00e5r och ska rycka in i det milit\u00e4ra. Men han har en m\u00e5nad p\u00e5 sig tills det \u00e4r dags och redan den 9 maj ger han sig ut p\u00e5 v\u00e4garna igen, med studentm\u00f6ssan p\u00e5 huvudet och ryggs\u00e4ck p\u00e5 ryggen. M\u00e5let \u00e4r franska Rivieran d\u00e4r han hoppas tr\u00e4ffa Sylvie, som han m\u00f6tte under f\u00f6rra sommarens lift. Av hans dagbok framg\u00e5r att hon skickat ett brev med ett fotografi fr\u00e5n Colloiure, till honom. Kanske i hopp om att de ska kunna tr\u00e4ffas igen. G\u00f6ran liftar p\u00e5 vinst och f\u00f6rlust till den lilla franska byn alldeles intill Spanska gr\u00e4nsen och tr\u00e4ffar ungdomar med andra id\u00e9al och id\u00e9er om vad livet ska g\u00e5 ut p\u00e5.<\/p>\n<p><a href=\"http:\/\/www.seriekonst.se\/?attachment_id=1876\" rel=\"attachment wp-att-1876\"><img loading=\"lazy\" decoding=\"async\" class=\"size-medium wp-image-1876 aligncenter\" src=\"http:\/\/www.seriekonst.se\/wp-content\/uploads\/2018\/08\/solbad-300x262.jpg\" alt=\"\" width=\"300\" height=\"262\" srcset=\"https:\/\/www.seriekonst.se\/wp-content\/uploads\/2018\/08\/solbad-300x262.jpg 300w, https:\/\/www.seriekonst.se\/wp-content\/uploads\/2018\/08\/solbad-768x672.jpg 768w, https:\/\/www.seriekonst.se\/wp-content\/uploads\/2018\/08\/solbad-1024x896.jpg 1024w\" sizes=\"auto, (max-width: 300px) 100vw, 300px\" \/><\/a><\/p>\n<p>LIFT 52 utg\u00e5r fr\u00e5n den dagbok min far f\u00f6rde under resan och fotografier han tog med sin Rolleiflex-kamera. Serien har formgivits med veckotidningen <strong><em>SE<\/em><\/strong> som inspiration.<\/p>\n<p><a href=\"http:\/\/www.seriekonst.se\/?attachment_id=1884\" rel=\"attachment wp-att-1884\"><img loading=\"lazy\" decoding=\"async\" class=\"size-medium wp-image-1884\" src=\"http:\/\/www.seriekonst.se\/wp-content\/uploads\/2018\/08\/lift52cover_small-300x210.jpg\" alt=\"\" width=\"300\" height=\"210\" srcset=\"https:\/\/www.seriekonst.se\/wp-content\/uploads\/2018\/08\/lift52cover_small-300x210.jpg 300w, https:\/\/www.seriekonst.se\/wp-content\/uploads\/2018\/08\/lift52cover_small-768x538.jpg 768w, https:\/\/www.seriekonst.se\/wp-content\/uploads\/2018\/08\/lift52cover_small.jpg 945w\" sizes=\"auto, (max-width: 300px) 100vw, 300px\" \/><\/a><\/p>\n<p>L\u00e4s serien h\u00e4r: <a href=\"http:\/\/www.seriekonst.se\/wp-content\/uploads\/2018\/08\/LIFT-52.pdf\" target=\"_blank\" rel=\"noopener noreferrer\">LIFT 52<\/a><\/p>\n<p>LIFT 52 \u00e4r en del av projektet New Ways of Making Comics.<\/p>\n","protected":false},"excerpt":{"rendered":"<p>Det tidiga 50-talet luktar brylcr\u00e8me, Palmolive och Vademecum. De unga m\u00e4nnen (s\u00e5dan var man fr\u00e5n det man konfirmerades) \u00e4r v\u00e4lkammade, v\u00e4lrakade och propra, p\u00e5 v\u00e4g att kliva i sina f\u00e4ders st\u00e4rkta skjortor och galoscher. De unga kvinnorna \u00e4ppelk\u00e4cka och kyska &hellip; <a href=\"https:\/\/www.seriekonst.se\/?page_id=1870\">Continue reading <span class=\"meta-nav\">&rarr;<\/span><\/a><\/p>\n","protected":false},"author":1,"featured_media":0,"parent":1709,"menu_order":0,"comment_status":"closed","ping_status":"closed","template":"","meta":{"footnotes":""},"class_list":["post-1870","page","type-page","status-publish","hentry"],"_links":{"self":[{"href":"https:\/\/www.seriekonst.se\/index.php?rest_route=\/wp\/v2\/pages\/1870","targetHints":{"allow":["GET"]}}],"collection":[{"href":"https:\/\/www.seriekonst.se\/index.php?rest_route=\/wp\/v2\/pages"}],"about":[{"href":"https:\/\/www.seriekonst.se\/index.php?rest_route=\/wp\/v2\/types\/page"}],"author":[{"embeddable":true,"href":"https:\/\/www.seriekonst.se\/index.php?rest_route=\/wp\/v2\/users\/1"}],"replies":[{"embeddable":true,"href":"https:\/\/www.seriekonst.se\/index.php?rest_route=%2Fwp%2Fv2%2Fcomments&post=1870"}],"version-history":[{"count":13,"href":"https:\/\/www.seriekonst.se\/index.php?rest_route=\/wp\/v2\/pages\/1870\/revisions"}],"predecessor-version":[{"id":1893,"href":"https:\/\/www.seriekonst.se\/index.php?rest_route=\/wp\/v2\/pages\/1870\/revisions\/1893"}],"up":[{"embeddable":true,"href":"https:\/\/www.seriekonst.se\/index.php?rest_route=\/wp\/v2\/pages\/1709"}],"wp:attachment":[{"href":"https:\/\/www.seriekonst.se\/index.php?rest_route=%2Fwp%2Fv2%2Fmedia&parent=1870"}],"curies":[{"name":"wp","href":"https:\/\/api.w.org\/{rel}","templated":true}]}}