{"id":178,"date":"2012-03-20T14:59:22","date_gmt":"2012-03-20T14:59:22","guid":{"rendered":"http:\/\/www.seriekonst.se\/?page_id=178"},"modified":"2020-09-21T19:27:02","modified_gmt":"2020-09-21T19:27:02","slug":"1981-3","status":"publish","type":"page","link":"https:\/\/www.seriekonst.se\/?page_id=178","title":{"rendered":"1981"},"content":{"rendered":"<p><a href=\"http:\/\/www.seriekonst.se\/wp-content\/uploads\/2012\/03\/81.jpg\"><img loading=\"lazy\" decoding=\"async\" class=\"alignleft size-full wp-image-199\" title=\"81\" src=\"http:\/\/www.seriekonst.se\/wp-content\/uploads\/2012\/03\/81.jpg\" alt=\"\" width=\"125\" height=\"175\"><\/a>Uppf\u00f6ljaren p\u00e5 Superangst. Johan och Nasse sitter och dricker vin och snackar om hur det var f\u00f6rr, n\u00e4r de var unga och fortfarande hade ideal och illusioner i beh\u00e5ll. N\u00e4r engagemanget handlade om k\u00e4rnkraft, punk och revolution. Nutid blandas med d\u00e5tid, i korta minnesbilder, d\u00e5 Johan p\u00e5 ett sj\u00e4lvrannsakande s\u00e4tt t\u00e4nker efter hur det egentligen var. Ber\u00e4ttelsen skrevs ursprungligen som ett pj\u00e4smanus.<\/p>\n<p><strong>Pressr\u00f6ster:<\/strong><\/p>\n<p><em>&#8220;Krantz ber\u00e4ttar om v\u00e4lf\u00e4rdsstatens kanske mest gynnade generation, materiellt sett. Men om barn- och ungdomstiden var en gynnad tid, s\u00e5 kan vuxenlivet beskrivas i precis motsatta termer.&#8221; Maria Sundkvist, &nbsp;DN 950221<\/em><\/p>\n<p><em>&#8220;Landets f\u00f6r tillf\u00e4llet intressantaste serieskapare finns i Malm\u00f6 och heter Gunnar Krantz. I serieromanen 1981 (Medusa) infriar han alla f\u00f6rv\u00e4ntningar som det spretiga men f\u00e4ngslande albumet Superangts v\u00e4ckte h\u00e4rom\u00e5ret.&#8221; Olof Siverbo, G\u00f6teborgsposten 950224<\/em><\/p>\n","protected":false},"excerpt":{"rendered":"<p>Uppf\u00f6ljaren p\u00e5 Superangst. Johan och Nasse sitter och dricker vin och snackar om hur det var f\u00f6rr, n\u00e4r de var unga och fortfarande hade ideal och illusioner i beh\u00e5ll. N\u00e4r engagemanget handlade om k\u00e4rnkraft, punk och revolution. Nutid blandas med &hellip; <a href=\"https:\/\/www.seriekonst.se\/?page_id=178\">Continue reading <span class=\"meta-nav\">&rarr;<\/span><\/a><\/p>\n","protected":false},"author":1,"featured_media":0,"parent":0,"menu_order":0,"comment_status":"closed","ping_status":"open","template":"","meta":{"footnotes":""},"class_list":["post-178","page","type-page","status-publish","hentry"],"_links":{"self":[{"href":"https:\/\/www.seriekonst.se\/index.php?rest_route=\/wp\/v2\/pages\/178","targetHints":{"allow":["GET"]}}],"collection":[{"href":"https:\/\/www.seriekonst.se\/index.php?rest_route=\/wp\/v2\/pages"}],"about":[{"href":"https:\/\/www.seriekonst.se\/index.php?rest_route=\/wp\/v2\/types\/page"}],"author":[{"embeddable":true,"href":"https:\/\/www.seriekonst.se\/index.php?rest_route=\/wp\/v2\/users\/1"}],"replies":[{"embeddable":true,"href":"https:\/\/www.seriekonst.se\/index.php?rest_route=%2Fwp%2Fv2%2Fcomments&post=178"}],"version-history":[{"count":7,"href":"https:\/\/www.seriekonst.se\/index.php?rest_route=\/wp\/v2\/pages\/178\/revisions"}],"predecessor-version":[{"id":2109,"href":"https:\/\/www.seriekonst.se\/index.php?rest_route=\/wp\/v2\/pages\/178\/revisions\/2109"}],"wp:attachment":[{"href":"https:\/\/www.seriekonst.se\/index.php?rest_route=%2Fwp%2Fv2%2Fmedia&parent=178"}],"curies":[{"name":"wp","href":"https:\/\/api.w.org\/{rel}","templated":true}]}}