{"id":176,"date":"2012-03-20T14:57:53","date_gmt":"2012-03-20T14:57:53","guid":{"rendered":"http:\/\/www.seriekonst.se\/?page_id=176"},"modified":"2020-09-21T19:28:49","modified_gmt":"2020-09-21T19:28:49","slug":"vanster-vanster","status":"publish","type":"page","link":"https:\/\/www.seriekonst.se\/?page_id=176","title":{"rendered":"V\u00e4nster V\u00e4nster"},"content":{"rendered":"<p><a href=\"http:\/\/www.seriekonst.se\/wp-content\/uploads\/2012\/03\/pocketvv.jpg\"><img loading=\"lazy\" decoding=\"async\" class=\"alignleft size-medium wp-image-210\" title=\"pocketvv\" src=\"http:\/\/www.seriekonst.se\/wp-content\/uploads\/2012\/03\/pocketvv-187x300.jpg\" alt=\"\" width=\"187\" height=\"300\"><\/a>V\u00e4nster v\u00e4nster handlar om en ynglings vandring p\u00e5 yttersta v\u00e4nsterkanten i slutet av 70-talet. Fr\u00e5n Kommunistisk ungdom, via Folkkampanjen mot k\u00e4rnkraft till Fredsr\u00f6relsen. V\u00e4nster v\u00e4nster \u00e4r en vitbok, som skildrar faran med det okritiska t\u00e4nkande som kan r\u00e5da inom dogmatiskt styrda v\u00e4nstersekter. Men det \u00e4r ocks\u00e5 en r\u00f6d bok, som l\u00e5ter ana ett hopp om att det en g\u00e5ng kan g\u00e5 att f\u00f6r\u00e4ndra v\u00e4rlden till det b\u00e4ttre. V\u00e4nster v\u00e4nster \u00e4r den frist\u00e5ende forts\u00e4ttningen p\u00e5 <a title=\"Cykelhippie\" href=\"http:\/\/www.seriekonst.se\/?page_id=105\">Cykelhippie<\/a><\/p>\n<p><strong>Pressr\u00f6ster:<\/strong><br \/>\n<em>&#8220;I enkla men effektiva bilder f\u00f6ljer vi unge Gunnars \u00e4ventyr i den kristianstadska v\u00e4nstern, och hur illusionerna en efter en sl\u00e5s i kras mot den besv\u00e4rliga verkligheten.&#8221;<\/em><br \/>\n<em>Jonas Thente,&nbsp;DN 040516<\/em><\/p>\n<p><em>&#8220;Krantz tvinnar ihop \u00e4mne, text och teckningar med resulatet dagbok, roman och seriealbum i och om vartannat. Och p\u00e5 varje boksida \u00e4r han s\u00e5 personligen n\u00e4rvarande att man liksom ser hur sidorna h\u00f6js och s\u00e4nks &#8211; som om pappret andas.&#8221;&nbsp;Beng Eriksson, Kv\u00e4llsposten 040522<\/em><\/p>\n<p><em>&#8220;En stor del av d\u00e5tidens radikala v\u00e4nster passerar revy och m\u00e5nga fyndiga po\u00e4nger plockas p\u00e5 &#8220;avantgardets&#8221; st\u00e4ndiga tillkortakommanden: apellm\u00f6ten inf\u00f6r folktomma torg, de uppslitande sektstriderna, pungsl\u00e5endet av de egna men i flesta fall snorfattiga medlemmarna, den r\u00e4tta<\/em> men ack s\u00e5 inkr\u00f6kta livsstilen osv.&#8221;&nbsp;Stefan Bergmark, <em>Sm\u00e5landsposten 040602<\/em><\/p>\n<p>Best\u00e4ll boken <a title=\"H\u00c4R\" href=\"http:\/\/www.seriekonst.se\/?page_id=713\" target=\"_blank\" rel=\"noopener noreferrer\">H\u00c4R<\/a><\/p>\n","protected":false},"excerpt":{"rendered":"<p>V\u00e4nster v\u00e4nster handlar om en ynglings vandring p\u00e5 yttersta v\u00e4nsterkanten i slutet av 70-talet. Fr\u00e5n Kommunistisk ungdom, via Folkkampanjen mot k\u00e4rnkraft till Fredsr\u00f6relsen. V\u00e4nster v\u00e4nster \u00e4r en vitbok, som skildrar faran med det okritiska t\u00e4nkande som kan r\u00e5da inom dogmatiskt &hellip; <a href=\"https:\/\/www.seriekonst.se\/?page_id=176\">Continue reading <span class=\"meta-nav\">&rarr;<\/span><\/a><\/p>\n","protected":false},"author":1,"featured_media":0,"parent":0,"menu_order":0,"comment_status":"closed","ping_status":"open","template":"","meta":{"footnotes":""},"class_list":["post-176","page","type-page","status-publish","hentry"],"_links":{"self":[{"href":"https:\/\/www.seriekonst.se\/index.php?rest_route=\/wp\/v2\/pages\/176","targetHints":{"allow":["GET"]}}],"collection":[{"href":"https:\/\/www.seriekonst.se\/index.php?rest_route=\/wp\/v2\/pages"}],"about":[{"href":"https:\/\/www.seriekonst.se\/index.php?rest_route=\/wp\/v2\/types\/page"}],"author":[{"embeddable":true,"href":"https:\/\/www.seriekonst.se\/index.php?rest_route=\/wp\/v2\/users\/1"}],"replies":[{"embeddable":true,"href":"https:\/\/www.seriekonst.se\/index.php?rest_route=%2Fwp%2Fv2%2Fcomments&post=176"}],"version-history":[{"count":8,"href":"https:\/\/www.seriekonst.se\/index.php?rest_route=\/wp\/v2\/pages\/176\/revisions"}],"predecessor-version":[{"id":2119,"href":"https:\/\/www.seriekonst.se\/index.php?rest_route=\/wp\/v2\/pages\/176\/revisions\/2119"}],"wp:attachment":[{"href":"https:\/\/www.seriekonst.se\/index.php?rest_route=%2Fwp%2Fv2%2Fmedia&parent=176"}],"curies":[{"name":"wp","href":"https:\/\/api.w.org\/{rel}","templated":true}]}}