{"id":174,"date":"2012-03-20T14:57:38","date_gmt":"2012-03-20T14:57:38","guid":{"rendered":"http:\/\/www.seriekonst.se\/?page_id=174"},"modified":"2020-09-21T19:27:58","modified_gmt":"2020-09-21T19:27:58","slug":"grona-tomater","status":"publish","type":"page","link":"https:\/\/www.seriekonst.se\/?page_id=174","title":{"rendered":"Gr\u00f6na Tomater"},"content":{"rendered":"<p><a href=\"http:\/\/www.seriekonst.se\/wp-content\/uploads\/2012\/03\/greentomatoes.jpeg\"><img loading=\"lazy\" decoding=\"async\" class=\"alignleft size-medium wp-image-227\" title=\"greentomatoes\" src=\"http:\/\/www.seriekonst.se\/wp-content\/uploads\/2012\/03\/greentomatoes-213x300.jpg\" alt=\"\" width=\"213\" height=\"300\" srcset=\"https:\/\/www.seriekonst.se\/wp-content\/uploads\/2012\/03\/greentomatoes-213x300.jpg 213w, https:\/\/www.seriekonst.se\/wp-content\/uploads\/2012\/03\/greentomatoes.jpeg 218w\" sizes=\"auto, (max-width: 213px) 100vw, 213px\" \/><\/a>2001 \u00e5kte ett g\u00e4ng malm\u00f6tecknare till Bryssel &#8211; seriernas Europeiska huvudstad. Sista dagen satt jag och Mats K\u00e4llblad och summerade intrycken. D\u00e5 f\u00f6ddes tanken p\u00e5 Lantis. En liten publikation (sv\u00e5rt inspirerad av&nbsp; L\u2019Associations \u201dPatte de mouche\u201d) som skulle utforska livet p\u00e5 landet. Min lantis handlade om bohemliv i sk\u00e4rg\u00e5rden. Jag ville att teckningarna skulle uttrycka n\u00e5got m\u00e5leriskt. Tunna skissartade linjer och tjocka penseldrag, n\u00e4stan som m\u00e5leri.<br \/>\nUtgiven av Seriefr\u00e4mjandet.<\/p>\n","protected":false},"excerpt":{"rendered":"<p>2001 \u00e5kte ett g\u00e4ng malm\u00f6tecknare till Bryssel &#8211; seriernas Europeiska huvudstad. Sista dagen satt jag och Mats K\u00e4llblad och summerade intrycken. D\u00e5 f\u00f6ddes tanken p\u00e5 Lantis. En liten publikation (sv\u00e5rt inspirerad av&nbsp; L\u2019Associations \u201dPatte de mouche\u201d) som skulle utforska livet &hellip; <a href=\"https:\/\/www.seriekonst.se\/?page_id=174\">Continue reading <span class=\"meta-nav\">&rarr;<\/span><\/a><\/p>\n","protected":false},"author":1,"featured_media":0,"parent":0,"menu_order":0,"comment_status":"closed","ping_status":"open","template":"","meta":{"footnotes":""},"class_list":["post-174","page","type-page","status-publish","hentry"],"_links":{"self":[{"href":"https:\/\/www.seriekonst.se\/index.php?rest_route=\/wp\/v2\/pages\/174","targetHints":{"allow":["GET"]}}],"collection":[{"href":"https:\/\/www.seriekonst.se\/index.php?rest_route=\/wp\/v2\/pages"}],"about":[{"href":"https:\/\/www.seriekonst.se\/index.php?rest_route=\/wp\/v2\/types\/page"}],"author":[{"embeddable":true,"href":"https:\/\/www.seriekonst.se\/index.php?rest_route=\/wp\/v2\/users\/1"}],"replies":[{"embeddable":true,"href":"https:\/\/www.seriekonst.se\/index.php?rest_route=%2Fwp%2Fv2%2Fcomments&post=174"}],"version-history":[{"count":5,"href":"https:\/\/www.seriekonst.se\/index.php?rest_route=\/wp\/v2\/pages\/174\/revisions"}],"predecessor-version":[{"id":2114,"href":"https:\/\/www.seriekonst.se\/index.php?rest_route=\/wp\/v2\/pages\/174\/revisions\/2114"}],"wp:attachment":[{"href":"https:\/\/www.seriekonst.se\/index.php?rest_route=%2Fwp%2Fv2%2Fmedia&parent=174"}],"curies":[{"name":"wp","href":"https:\/\/api.w.org\/{rel}","templated":true}]}}