{"id":169,"date":"2012-03-20T14:56:45","date_gmt":"2012-03-20T14:56:45","guid":{"rendered":"http:\/\/www.seriekonst.se\/?page_id=169"},"modified":"2020-09-21T19:28:17","modified_gmt":"2020-09-21T19:28:17","slug":"1981-2","status":"publish","type":"page","link":"https:\/\/www.seriekonst.se\/?page_id=169","title":{"rendered":"Nollad"},"content":{"rendered":"<p><a href=\"http:\/\/www.seriekonst.se\/wp-content\/uploads\/2012\/03\/nollad.jpg\"><img loading=\"lazy\" decoding=\"async\" class=\"alignleft size-full wp-image-202\" title=\"nollad\" src=\"http:\/\/www.seriekonst.se\/wp-content\/uploads\/2012\/03\/nollad.jpg\" alt=\"\" width=\"125\" height=\"174\"><\/a>Ett sj\u00e4lvbiografiskt konceptalbum. En helt vanlig arbetsvecka, sommaren 1994 p\u00e5 M\u00f6llan i Malm\u00f6. Det h\u00e4nder inte s\u00e5 mycket. Huvudpersonen dr\u00f6mmer, handlar mat, tr\u00e4ffar n\u00e5gon kompis, spelar flipper. En ber\u00e4ttelse om ett tillst\u00e5nd p\u00e5 en intressant och sp\u00e4nnande plats.<\/p>\n<p>Stilbytet i Nollad markerar b\u00f6rjan p\u00e5 utvecklingen till en ny och enklare stil. Enkla tunna linjer, avtecknade fotografier, spontant tecknade figurer och n\u00e4stintill total fr\u00e5nvaro av sv\u00e4rta. &nbsp;Nollad \u00e4r det av mina album som f\u00e5tt mest uppm\u00e4rksamhet och mest blandad kritik och som f\u00f6reb\u00e5dar b\u00e5de ett konceptuellt f\u00f6rh\u00e5llande till serieber\u00e4ttandet och &#8220;Seriestaden Malm\u00f6&#8221;. F\u00f6rord av John Peter Nilsson, chef for Moderna Museet i Malm\u00f6.<\/p>\n<p>Om boken:<br \/>\nEtt seriealbum, som egentligen \u00e4r ett konceptuellt konstverk.<br \/>\nReglerna var:<br \/>\n1. Ber\u00e4tta om dagens tankar p\u00e5 band. Renskriv p\u00e5 maskin.<br \/>\n2. Fotografera milj\u00f6n. Bearbeta bilderna.<br \/>\n3. Skildra m\u00f6ten och ber\u00e4ttelser i serieform.<br \/>\nAlltid riktat fram\u00e5t. Ingen struktur p\u00e5 historien. Arbeta f\u00f6ruts\u00e4ttningsl\u00f6st. Fram\u00e5t mot n\u00e5gonting. Interaktion, d\u00e4r tankar och bilder hinner upp varandra.&nbsp;Fram\u00e5t mot n\u00e5gonting som \u00e4r nul\u00e4get.<\/p>\n<p><strong>Pressr\u00f6ster:<br \/>\n<\/strong><em>&#8220;Konstn\u00e4ren och serieskaparen Gunnar Krantz \u00e4r f\u00f6rmodligen den svensk som g\u00e5tt allra l\u00e4ngst n\u00e4r det g\u00e4ller att dokumentera sig sj\u00e4lv.&#8221; Martin Aag\u00e5rd, DN 971102<\/em><\/p>\n<p><em>&#8220;\u00c4nd\u00e5 \u00e4r det ingen tvekan om att Nollad s\u00e4ger n\u00e5got viktigt om livet i dag, n\u00e5got sj\u00e4lvklart och sv\u00e5rf\u00e5ngat&#8230;&#8221; Boel Gerell Kv\u00e4llsposten 950505<\/em><\/p>\n<p><em>&#8220;Ber\u00e4ttarformen med en lakonisk dagbokstext under varje bild och den totala avsaknaden av dialog i pratbubblor f\u00f6rst\u00e4rker k\u00e4nslan av tyngdl\u00f6shet i tillvaron.&#8221; Karl G J\u00f6nsson Sydsvenskan 950505<\/em><\/p>\n<p><em>&#8220;Det depressiva inneh\u00e5ller synkar egentligen varken med layouten eller teckningsstilen, men tillsammans bildar de en underbart absurd st\u00e4mning.&#8221; Dan Kronqvist, Hufvudstadsbladet 95-06-15<\/em><\/p>\n","protected":false},"excerpt":{"rendered":"<p>Ett sj\u00e4lvbiografiskt konceptalbum. En helt vanlig arbetsvecka, sommaren 1994 p\u00e5 M\u00f6llan i Malm\u00f6. Det h\u00e4nder inte s\u00e5 mycket. Huvudpersonen dr\u00f6mmer, handlar mat, tr\u00e4ffar n\u00e5gon kompis, spelar flipper. En ber\u00e4ttelse om ett tillst\u00e5nd p\u00e5 en intressant och sp\u00e4nnande plats. Stilbytet i &hellip; <a href=\"https:\/\/www.seriekonst.se\/?page_id=169\">Continue reading <span class=\"meta-nav\">&rarr;<\/span><\/a><\/p>\n","protected":false},"author":1,"featured_media":0,"parent":0,"menu_order":0,"comment_status":"closed","ping_status":"open","template":"","meta":{"footnotes":""},"class_list":["post-169","page","type-page","status-publish","hentry"],"_links":{"self":[{"href":"https:\/\/www.seriekonst.se\/index.php?rest_route=\/wp\/v2\/pages\/169","targetHints":{"allow":["GET"]}}],"collection":[{"href":"https:\/\/www.seriekonst.se\/index.php?rest_route=\/wp\/v2\/pages"}],"about":[{"href":"https:\/\/www.seriekonst.se\/index.php?rest_route=\/wp\/v2\/types\/page"}],"author":[{"embeddable":true,"href":"https:\/\/www.seriekonst.se\/index.php?rest_route=\/wp\/v2\/users\/1"}],"replies":[{"embeddable":true,"href":"https:\/\/www.seriekonst.se\/index.php?rest_route=%2Fwp%2Fv2%2Fcomments&post=169"}],"version-history":[{"count":12,"href":"https:\/\/www.seriekonst.se\/index.php?rest_route=\/wp\/v2\/pages\/169\/revisions"}],"predecessor-version":[{"id":2116,"href":"https:\/\/www.seriekonst.se\/index.php?rest_route=\/wp\/v2\/pages\/169\/revisions\/2116"}],"wp:attachment":[{"href":"https:\/\/www.seriekonst.se\/index.php?rest_route=%2Fwp%2Fv2%2Fmedia&parent=169"}],"curies":[{"name":"wp","href":"https:\/\/api.w.org\/{rel}","templated":true}]}}