{"id":1678,"date":"2017-05-20T14:15:26","date_gmt":"2017-05-20T14:15:26","guid":{"rendered":"http:\/\/www.seriekonst.se\/?page_id=1678"},"modified":"2018-08-26T09:03:46","modified_gmt":"2018-08-26T09:03:46","slug":"wollmar-yx","status":"publish","type":"page","link":"https:\/\/www.seriekonst.se\/?page_id=1678","title":{"rendered":"Wollmar Yx"},"content":{"rendered":"<p><a href=\"http:\/\/www.seriekonst.se\/?attachment_id=1676\" rel=\"attachment wp-att-1676\"><img loading=\"lazy\" decoding=\"async\" class=\"aligncenter size-medium wp-image-1676\" src=\"http:\/\/www.seriekonst.se\/wp-content\/uploads\/2016\/09\/wy-207x300.jpg\" alt=\"\" width=\"207\" height=\"300\" srcset=\"https:\/\/www.seriekonst.se\/wp-content\/uploads\/2016\/09\/wy-207x300.jpg 207w, https:\/\/www.seriekonst.se\/wp-content\/uploads\/2016\/09\/wy.jpg 424w\" sizes=\"auto, (max-width: 207px) 100vw, 207px\" \/><\/a>Den frist\u00e5ende forts\u00e4ttnings p\u00e5 Sj\u00f6cronas gata. Den h\u00e4r g\u00e5ngen utspelar sig ber\u00e4ttelsen i Stockholm. Det \u00e4r tidigt 80-tal och p\u00e5 S\u00f6der g\u00e5r det fortfarande att hitta sjaskiga k\u00e4llarlokaler att bedriva verksamhet i, vilket Robert och hans nyfunne v\u00e4n Sune best\u00e4mmer sig f\u00f6r att g\u00f6ra. Serien \u00e4r tecknad med blyerts och f\u00e4rglagd med kaffe. F\u00f6r mer info om konceptet, se <a href=\"http:\/\/www.seriekonst.se\/?page_id=1145\">Sj\u00f6cronas gata<\/a>.<\/p>\n<p>L\u00e4s hela serien h\u00e4r: <a href=\"http:\/\/www.seriekonst.se\/wp-content\/uploads\/2017\/05\/wollmaryx_web.pdf\">Wollmar Yx<\/a><\/p>\n<p>&nbsp;<\/p>\n<p>&nbsp;<\/p>\n<p>&nbsp;<\/p>\n","protected":false},"excerpt":{"rendered":"<p>Den frist\u00e5ende forts\u00e4ttnings p\u00e5 Sj\u00f6cronas gata. Den h\u00e4r g\u00e5ngen utspelar sig ber\u00e4ttelsen i Stockholm. Det \u00e4r tidigt 80-tal och p\u00e5 S\u00f6der g\u00e5r det fortfarande att hitta sjaskiga k\u00e4llarlokaler att bedriva verksamhet i, vilket Robert och hans nyfunne v\u00e4n Sune best\u00e4mmer &hellip; <a href=\"https:\/\/www.seriekonst.se\/?page_id=1678\">Continue reading <span class=\"meta-nav\">&rarr;<\/span><\/a><\/p>\n","protected":false},"author":1,"featured_media":0,"parent":1145,"menu_order":0,"comment_status":"closed","ping_status":"closed","template":"","meta":{"footnotes":""},"class_list":["post-1678","page","type-page","status-publish","hentry"],"_links":{"self":[{"href":"https:\/\/www.seriekonst.se\/index.php?rest_route=\/wp\/v2\/pages\/1678","targetHints":{"allow":["GET"]}}],"collection":[{"href":"https:\/\/www.seriekonst.se\/index.php?rest_route=\/wp\/v2\/pages"}],"about":[{"href":"https:\/\/www.seriekonst.se\/index.php?rest_route=\/wp\/v2\/types\/page"}],"author":[{"embeddable":true,"href":"https:\/\/www.seriekonst.se\/index.php?rest_route=\/wp\/v2\/users\/1"}],"replies":[{"embeddable":true,"href":"https:\/\/www.seriekonst.se\/index.php?rest_route=%2Fwp%2Fv2%2Fcomments&post=1678"}],"version-history":[{"count":6,"href":"https:\/\/www.seriekonst.se\/index.php?rest_route=\/wp\/v2\/pages\/1678\/revisions"}],"predecessor-version":[{"id":1829,"href":"https:\/\/www.seriekonst.se\/index.php?rest_route=\/wp\/v2\/pages\/1678\/revisions\/1829"}],"up":[{"embeddable":true,"href":"https:\/\/www.seriekonst.se\/index.php?rest_route=\/wp\/v2\/pages\/1145"}],"wp:attachment":[{"href":"https:\/\/www.seriekonst.se\/index.php?rest_route=%2Fwp%2Fv2%2Fmedia&parent=1678"}],"curies":[{"name":"wp","href":"https:\/\/api.w.org\/{rel}","templated":true}]}}