{"id":161,"date":"2012-03-20T14:54:38","date_gmt":"2012-03-20T14:54:38","guid":{"rendered":"http:\/\/www.seriekonst.se\/?page_id=161"},"modified":"2020-09-21T19:27:36","modified_gmt":"2020-09-21T19:27:36","slug":"falska-liv","status":"publish","type":"page","link":"https:\/\/www.seriekonst.se\/?page_id=161","title":{"rendered":"Falska liv"},"content":{"rendered":"<p><a href=\"http:\/\/www.seriekonst.se\/wp-content\/uploads\/2012\/03\/fl.jpg\"><img loading=\"lazy\" decoding=\"async\" class=\"alignleft size-full wp-image-188\" title=\"fl\" src=\"http:\/\/www.seriekonst.se\/wp-content\/uploads\/2012\/03\/fl.jpg\" alt=\"\" width=\"125\" height=\"172\"><\/a><br \/>\nEn slags uppf\u00f6ljare p\u00e5 Alger. Tecknad i samma stil, med samma huvudperson, fast placerad mitt i 80-talet. Om en relation och en t\u00e5gluff som sp\u00e5rar ur, p\u00e5 b\u00e5de det politiska och personliga planet. Publicerades ursprungligen som f\u00f6ljetong i serietidningen Pox ( nr 10 1986 &#8211; 2 &nbsp;1987).<br \/>\nHela albumet \u00e5terpublicerades i boken&nbsp;<a title=\"St\u00f6rsta M\u00f6jliga allvar\" href=\"http:\/\/www.seriekonst.se\/?page_id=43\">St\u00f6rsta M\u00f6jliga Allvar<\/a>&nbsp;(2011).<\/p>\n<p><strong>Pressr\u00f6ster:<\/strong><br \/>\n<em>&#8220;Styrkan hos Gunnar Krantz \u00e4r framf\u00f6r allt att han \u00e4r en av de f\u00e5 unga svenskar som arbetar episkt med seriemediet&#8221;<\/em><\/p>\n<p><em>Nisse Larsson, Dagens Nyheter880303<\/em><\/p>\n","protected":false},"excerpt":{"rendered":"<p>En slags uppf\u00f6ljare p\u00e5 Alger. Tecknad i samma stil, med samma huvudperson, fast placerad mitt i 80-talet. Om en relation och en t\u00e5gluff som sp\u00e5rar ur, p\u00e5 b\u00e5de det politiska och personliga planet. Publicerades ursprungligen som f\u00f6ljetong i serietidningen Pox &hellip; <a href=\"https:\/\/www.seriekonst.se\/?page_id=161\">Continue reading <span class=\"meta-nav\">&rarr;<\/span><\/a><\/p>\n","protected":false},"author":1,"featured_media":0,"parent":0,"menu_order":0,"comment_status":"closed","ping_status":"open","template":"","meta":{"footnotes":""},"class_list":["post-161","page","type-page","status-publish","hentry"],"_links":{"self":[{"href":"https:\/\/www.seriekonst.se\/index.php?rest_route=\/wp\/v2\/pages\/161","targetHints":{"allow":["GET"]}}],"collection":[{"href":"https:\/\/www.seriekonst.se\/index.php?rest_route=\/wp\/v2\/pages"}],"about":[{"href":"https:\/\/www.seriekonst.se\/index.php?rest_route=\/wp\/v2\/types\/page"}],"author":[{"embeddable":true,"href":"https:\/\/www.seriekonst.se\/index.php?rest_route=\/wp\/v2\/users\/1"}],"replies":[{"embeddable":true,"href":"https:\/\/www.seriekonst.se\/index.php?rest_route=%2Fwp%2Fv2%2Fcomments&post=161"}],"version-history":[{"count":12,"href":"https:\/\/www.seriekonst.se\/index.php?rest_route=\/wp\/v2\/pages\/161\/revisions"}],"predecessor-version":[{"id":2112,"href":"https:\/\/www.seriekonst.se\/index.php?rest_route=\/wp\/v2\/pages\/161\/revisions\/2112"}],"wp:attachment":[{"href":"https:\/\/www.seriekonst.se\/index.php?rest_route=%2Fwp%2Fv2%2Fmedia&parent=161"}],"curies":[{"name":"wp","href":"https:\/\/api.w.org\/{rel}","templated":true}]}}