{"id":1397,"date":"2016-12-26T07:31:52","date_gmt":"2016-12-26T07:31:52","guid":{"rendered":"http:\/\/www.seriekonst.se\/?page_id=1397"},"modified":"2017-01-10T13:47:25","modified_gmt":"2017-01-10T13:47:25","slug":"chock-dekonstruerad","status":"publish","type":"page","link":"https:\/\/www.seriekonst.se\/?page_id=1397","title":{"rendered":"Lithos"},"content":{"rendered":"<p><a href=\"http:\/\/www.seriekonst.se\/?attachment_id=1411\" rel=\"attachment wp-att-1411\"><img loading=\"lazy\" decoding=\"async\" class=\"aligncenter size-medium wp-image-1411\" src=\"http:\/\/www.seriekonst.se\/wp-content\/uploads\/2016\/12\/Lithos-221x300.jpg\" alt=\"\" width=\"221\" height=\"300\" srcset=\"https:\/\/www.seriekonst.se\/wp-content\/uploads\/2016\/12\/Lithos-221x300.jpg 221w, https:\/\/www.seriekonst.se\/wp-content\/uploads\/2016\/12\/Lithos.jpg 533w\" sizes=\"auto, (max-width: 221px) 100vw, 221px\" \/><\/a><strong>LITHOS\u00a0DEKONSTRUERAD\u00a0Nummer 1. 2016.<\/strong><\/p>\n<p>Vad \u00e4r en serie? G\u00e5r det att skapa ett konventionell serieber\u00e4ttande men samtidigt anv\u00e4nda ett mer samtida\u00a0konstn\u00e4rligt uttryckss\u00e4tt ? Tv\u00e5 fr\u00e5gor som st\u00e4lls p\u00e5 sin spets i serien\u00a0LITHOS.<br \/>\nBer\u00e4ttelsen \u00e4r en traditionell rysare, ungef\u00e4r en s\u00e5dan som publicerades i serietidningen CHOCK i b\u00f6rjan p\u00e5 70-talet, men gestaltningen tar sin utg\u00e5ngspunkt i konceptkonsten och anv\u00e4nder sig bl a av dekonstruktion. Serien avslutas med en intervju, d\u00e4r serieskaparen svarar p\u00e5 n\u00e5gra angel\u00e4gna fr\u00e5gor.<\/p>\n<p>Ladda ner h\u00e4r: <a href=\"http:\/\/www.seriekonst.se\/wp-content\/uploads\/2016\/12\/LITHOS_dekonstruerad-1.pdf\">LITHOS<\/a>_1<\/p>\n<p><a href=\"http:\/\/www.seriekonst.se\/?attachment_id=1498\" rel=\"attachment wp-att-1498\"><img loading=\"lazy\" decoding=\"async\" class=\"aligncenter size-medium wp-image-1498\" src=\"http:\/\/www.seriekonst.se\/wp-content\/uploads\/2016\/12\/fisken-221x300.jpg\" alt=\"\" width=\"221\" height=\"300\" srcset=\"https:\/\/www.seriekonst.se\/wp-content\/uploads\/2016\/12\/fisken-221x300.jpg 221w, https:\/\/www.seriekonst.se\/wp-content\/uploads\/2016\/12\/fisken.jpg 528w\" sizes=\"auto, (max-width: 221px) 100vw, 221px\" \/><\/a><\/p>\n<p><strong>LITHOS\u00a0DEKONSTRUERAD\u00a0Nummer 2. 2016.<\/strong><\/p>\n<p>Fr\u00e5gan om vad som \u00e4r en serie utvecklas ytterligare i serien FISKEN, om tv\u00e5 m\u00e4n i en b\u00e5t p\u00e5 \u00f6ppet hav. \u00c4ven den en rysare som utg\u00e5r fr\u00e5n serierna i tidningen CHOCK. Serien avslutas med en intervju, d\u00e4r serieskaparen f\u00f6rdjupar sitt resonemang.\u00a0<strong><br \/>\n<\/strong><\/p>\n<p>Ladda ner h\u00e4r:\u00a0<a href=\"http:\/\/www.seriekonst.se\/wp-content\/uploads\/2017\/01\/LITHOS-2_dekonstruerad.pdf\">LITHOS_2<\/a><\/p>\n<p>&nbsp;<\/p>\n<p>&nbsp;<\/p>\n<p>&nbsp;<\/p>\n<p>&nbsp;<\/p>\n<p>&nbsp;<\/p>\n<p>&nbsp;<\/p>\n<p>&nbsp;<\/p>\n<p>&nbsp;<\/p>\n<p>&nbsp;<\/p>\n<p>&nbsp;<\/p>\n<p>&nbsp;<\/p>\n","protected":false},"excerpt":{"rendered":"<p>LITHOS\u00a0DEKONSTRUERAD\u00a0Nummer 1. 2016. Vad \u00e4r en serie? G\u00e5r det att skapa ett konventionell serieber\u00e4ttande men samtidigt anv\u00e4nda ett mer samtida\u00a0konstn\u00e4rligt uttryckss\u00e4tt ? Tv\u00e5 fr\u00e5gor som st\u00e4lls p\u00e5 sin spets i serien\u00a0LITHOS. Ber\u00e4ttelsen \u00e4r en traditionell rysare, ungef\u00e4r en s\u00e5dan som &hellip; <a href=\"https:\/\/www.seriekonst.se\/?page_id=1397\">Continue reading <span class=\"meta-nav\">&rarr;<\/span><\/a><\/p>\n","protected":false},"author":1,"featured_media":0,"parent":0,"menu_order":0,"comment_status":"closed","ping_status":"closed","template":"","meta":{"footnotes":""},"class_list":["post-1397","page","type-page","status-publish","hentry"],"_links":{"self":[{"href":"https:\/\/www.seriekonst.se\/index.php?rest_route=\/wp\/v2\/pages\/1397","targetHints":{"allow":["GET"]}}],"collection":[{"href":"https:\/\/www.seriekonst.se\/index.php?rest_route=\/wp\/v2\/pages"}],"about":[{"href":"https:\/\/www.seriekonst.se\/index.php?rest_route=\/wp\/v2\/types\/page"}],"author":[{"embeddable":true,"href":"https:\/\/www.seriekonst.se\/index.php?rest_route=\/wp\/v2\/users\/1"}],"replies":[{"embeddable":true,"href":"https:\/\/www.seriekonst.se\/index.php?rest_route=%2Fwp%2Fv2%2Fcomments&post=1397"}],"version-history":[{"count":22,"href":"https:\/\/www.seriekonst.se\/index.php?rest_route=\/wp\/v2\/pages\/1397\/revisions"}],"predecessor-version":[{"id":1520,"href":"https:\/\/www.seriekonst.se\/index.php?rest_route=\/wp\/v2\/pages\/1397\/revisions\/1520"}],"wp:attachment":[{"href":"https:\/\/www.seriekonst.se\/index.php?rest_route=%2Fwp%2Fv2%2Fmedia&parent=1397"}],"curies":[{"name":"wp","href":"https:\/\/api.w.org\/{rel}","templated":true}]}}