{"id":1145,"date":"2016-09-11T21:45:06","date_gmt":"2016-09-11T21:45:06","guid":{"rendered":"http:\/\/www.seriekonst.se\/?page_id=1145"},"modified":"2018-08-31T07:22:14","modified_gmt":"2018-08-31T07:22:14","slug":"sjocronas-gata-3","status":"publish","type":"page","link":"https:\/\/www.seriekonst.se\/?page_id=1145","title":{"rendered":"Sj\u00f6cronas gata"},"content":{"rendered":"<p>&nbsp;<\/p>\n<p><a href=\"http:\/\/gunnarkrantz.se\/wp-content\/uploads\/2016\/06\/rk_geni.jpg\"><img loading=\"lazy\" decoding=\"async\" class=\"aligncenter wp-image-1028 size-full\" src=\"http:\/\/gunnarkrantz.se\/wp-content\/uploads\/2016\/06\/rk_geni.jpg\" alt=\"rk_geni\" width=\"340\" height=\"474\" \/><\/a><\/p>\n<p>Robert \u00e4r ett geni \u2013 tror han. Och med geniets sj\u00e4lvklara r\u00e4tt fuskar han sig igenom i stort sett alla konstarter som \u00e4r m\u00f6jliga att uttrycka sig genom i den borgerliga lilla residensstaden Kristianstad. En humoristisk betraktelse \u00f6ver det manliga geniet, s\u00e5 som det kom till uttryck i slutet p\u00e5 70-talet. Serien \u00e4r i enlighet med h\u00e4nget p\u00e5 det eviga studentfiket Fenix, f\u00e4rglagd med th\u00e9.<\/p>\n<p style=\"text-align: center;\"><img loading=\"lazy\" decoding=\"async\" class=\"size-medium wp-image-1030 alignnone\" src=\"http:\/\/gunnarkrantz.se\/wp-content\/uploads\/2016\/06\/sjocrona_cover-213x300.jpg\" alt=\"sjocrona_cover\" width=\"213\" height=\"300\" \/><br \/>\nLadda ner hela serien h\u00e4r som pdf:\u00a0<a href=\"http:\/\/gunnarkrantz.se\/wp-content\/uploads\/2016\/06\/Sj\u00f6cronas-gata_web.pdf\" target=\"_blank\" rel=\"noopener noreferrer\">Sj\u00f6cronas gata<br \/>\n<\/a><\/p>\n<p>&nbsp;<\/p>\n<p>&nbsp;<\/p>\n","protected":false},"excerpt":{"rendered":"<p>&nbsp; Robert \u00e4r ett geni \u2013 tror han. Och med geniets sj\u00e4lvklara r\u00e4tt fuskar han sig igenom i stort sett alla konstarter som \u00e4r m\u00f6jliga att uttrycka sig genom i den borgerliga lilla residensstaden Kristianstad. En humoristisk betraktelse \u00f6ver det &hellip; <a href=\"https:\/\/www.seriekonst.se\/?page_id=1145\">Continue reading <span class=\"meta-nav\">&rarr;<\/span><\/a><\/p>\n","protected":false},"author":1,"featured_media":0,"parent":0,"menu_order":3,"comment_status":"closed","ping_status":"closed","template":"","meta":{"footnotes":""},"class_list":["post-1145","page","type-page","status-publish","hentry"],"_links":{"self":[{"href":"https:\/\/www.seriekonst.se\/index.php?rest_route=\/wp\/v2\/pages\/1145","targetHints":{"allow":["GET"]}}],"collection":[{"href":"https:\/\/www.seriekonst.se\/index.php?rest_route=\/wp\/v2\/pages"}],"about":[{"href":"https:\/\/www.seriekonst.se\/index.php?rest_route=\/wp\/v2\/types\/page"}],"author":[{"embeddable":true,"href":"https:\/\/www.seriekonst.se\/index.php?rest_route=\/wp\/v2\/users\/1"}],"replies":[{"embeddable":true,"href":"https:\/\/www.seriekonst.se\/index.php?rest_route=%2Fwp%2Fv2%2Fcomments&post=1145"}],"version-history":[{"count":12,"href":"https:\/\/www.seriekonst.se\/index.php?rest_route=\/wp\/v2\/pages\/1145\/revisions"}],"predecessor-version":[{"id":1925,"href":"https:\/\/www.seriekonst.se\/index.php?rest_route=\/wp\/v2\/pages\/1145\/revisions\/1925"}],"wp:attachment":[{"href":"https:\/\/www.seriekonst.se\/index.php?rest_route=%2Fwp%2Fv2%2Fmedia&parent=1145"}],"curies":[{"name":"wp","href":"https:\/\/api.w.org\/{rel}","templated":true}]}}