{"id":105,"date":"2012-03-18T19:10:02","date_gmt":"2012-03-18T19:10:02","guid":{"rendered":"http:\/\/www.seriekonst.se\/?page_id=105"},"modified":"2020-09-21T19:27:20","modified_gmt":"2020-09-21T19:27:20","slug":"cykelhippie","status":"publish","type":"page","link":"https:\/\/www.seriekonst.se\/?page_id=105","title":{"rendered":"Cykelhippie"},"content":{"rendered":"<p><a href=\"http:\/\/www.seriekonst.se\/wp-content\/uploads\/2012\/03\/cykelhippie.jpg\"><img loading=\"lazy\" decoding=\"async\" class=\"alignleft size-full wp-image-207\" title=\"cykelhippie\" src=\"http:\/\/www.seriekonst.se\/wp-content\/uploads\/2012\/03\/cykelhippie.jpg\" alt=\"\" width=\"125\" height=\"199\"><\/a>Boken samlar fem reseber\u00e4ttelser jag f\u00f6retog mig under de sena ton\u00e5ren. En spr\u00e5kresa till Frankrike, resan jag gjorde som vinnare av Europeiska r\u00e5dets prist\u00e4vling, ny\u00e5r i Wien, t\u00e5gluffning med Stefan och Micke och en cykeltur genom Sverige. Om att bli vuxen och hitta en identitet.<\/p>\n<p>Om boken:<br \/>\nDen nya stilen tog ett par \u00e5r att beh\u00e4rska. Jag \u00f6vade mig p\u00e5 att s\u00e4tta teckningarna direkt, genom att teckna av gamla fotografier. Ett om dagen i 30 dagar. Sen var det bara att s\u00e4tta ig\u00e5ng och ber\u00e4tta.<\/p>\n<p><strong>Pressr\u00f6ster:<\/strong><br \/>\n<em>&#8220;Jag skulle vilja anv\u00e4nda ordet seriemagiker om Gunnar Krantz. N\u00e4r man l\u00e4st klart sitter man och undar: Hur gick det d\u00e4r till egentligen? Hur kunde jag bli s\u00e5 f\u00e4ngslad av den d\u00e4r oansenliga lilla serieboken?&#8221;&nbsp;Joel Eriksson,&nbsp;Kv\u00e4llsposten\/GT 030521<\/em><\/p>\n<p><em>&#8220;Stilistiskt liknar Krantz och Bret\u00e9cher varandra, \u00e5tminstone om man begr\u00e4nsar j\u00e4mf\u00f6relsen till teckningarna. Bilderna \u00e4r skissartade och ger intryck av att figurerna alltid \u00e4r<\/em> p\u00e5 spr\u00e5ng. Det finns inte n\u00e5gra d\u00f6da stunder&#8230;&#8221; Maria Sundkvist, <em>Bild&amp;Bubbla 4\/03<\/em><\/p>\n<p>Best\u00e4ll <a title=\"H\u00c4R!\" href=\"http:\/\/www.seriekonst.se\/?page_id=713\" target=\"_blank\" rel=\"noopener noreferrer\">H\u00c4R!<\/a><\/p>\n","protected":false},"excerpt":{"rendered":"<p>Boken samlar fem reseber\u00e4ttelser jag f\u00f6retog mig under de sena ton\u00e5ren. En spr\u00e5kresa till Frankrike, resan jag gjorde som vinnare av Europeiska r\u00e5dets prist\u00e4vling, ny\u00e5r i Wien, t\u00e5gluffning med Stefan och Micke och en cykeltur genom Sverige. Om att bli &hellip; <a href=\"https:\/\/www.seriekonst.se\/?page_id=105\">Continue reading <span class=\"meta-nav\">&rarr;<\/span><\/a><\/p>\n","protected":false},"author":1,"featured_media":0,"parent":0,"menu_order":0,"comment_status":"closed","ping_status":"open","template":"","meta":{"footnotes":""},"class_list":["post-105","page","type-page","status-publish","hentry"],"_links":{"self":[{"href":"https:\/\/www.seriekonst.se\/index.php?rest_route=\/wp\/v2\/pages\/105","targetHints":{"allow":["GET"]}}],"collection":[{"href":"https:\/\/www.seriekonst.se\/index.php?rest_route=\/wp\/v2\/pages"}],"about":[{"href":"https:\/\/www.seriekonst.se\/index.php?rest_route=\/wp\/v2\/types\/page"}],"author":[{"embeddable":true,"href":"https:\/\/www.seriekonst.se\/index.php?rest_route=\/wp\/v2\/users\/1"}],"replies":[{"embeddable":true,"href":"https:\/\/www.seriekonst.se\/index.php?rest_route=%2Fwp%2Fv2%2Fcomments&post=105"}],"version-history":[{"count":23,"href":"https:\/\/www.seriekonst.se\/index.php?rest_route=\/wp\/v2\/pages\/105\/revisions"}],"predecessor-version":[{"id":2111,"href":"https:\/\/www.seriekonst.se\/index.php?rest_route=\/wp\/v2\/pages\/105\/revisions\/2111"}],"wp:attachment":[{"href":"https:\/\/www.seriekonst.se\/index.php?rest_route=%2Fwp%2Fv2%2Fmedia&parent=105"}],"curies":[{"name":"wp","href":"https:\/\/api.w.org\/{rel}","templated":true}]}}